{"id":1320,"date":"2021-08-06T11:38:04","date_gmt":"2021-08-06T11:38:04","guid":{"rendered":"http:\/\/cdentalcenter.rs\/?page_id=1320"},"modified":"2021-08-06T11:42:28","modified_gmt":"2021-08-06T11:42:28","slug":"politica-sulla-riservatezza","status":"publish","type":"page","link":"https:\/\/cdentalcenter.rs\/it\/politica-sulla-riservatezza\/","title":{"rendered":"Politica sulla riservatezza"},"content":{"rendered":"<div class=\"wpb-content-wrapper\"><p>[vc_row css_animation=&#8221;&#8221; row_type=&#8221;row&#8221; use_row_as_full_screen_section=&#8221;no&#8221; type=&#8221;full_width&#8221; angled_section=&#8221;no&#8221; text_align=&#8221;left&#8221; background_image_as_pattern=&#8221;without_pattern&#8221; z_index=&#8221;&#8221; padding_top=&#8221;100&#8243; padding_bottom=&#8221;100&#8243;][vc_column][vc_column_text]<\/p>\n<h2>Politica sulla riservatezza del C Dental Center<\/h2>\n<p>&nbsp;<\/p>\n<ol>\n<li><strong>Definizioni<\/strong><\/li>\n<\/ol>\n<ul>\n<li>C Dental Center, via Cviji\u0107eva 130, Belgrado, (di seguito: &#8220;CDC&#8221;, &#8220;noi&#8221;, &#8220;ci&#8221;, &#8220;nostro&#8221;, &#8220;ci&#8221;) indica una persona giuridica che gestisce il sito web \u00a0<a href=\"http:\/\/cdentalcenter.rs\">www.cdentalcenter.rs<\/a><\/li>\n<li><strong>Dati personali<\/strong> &#8211; indica i dati relativi a persone fisiche che possono essere identificate ad un certo punto.<\/li>\n<\/ul>\n<ul>\n<li><strong>Utente<\/strong> &#8211; indica un visitatore del nostro sito.<\/li>\n<li><strong>Cliente<\/strong> &#8211; indica l&#8217;utente dei nostri servizi.<\/li>\n<li><strong>Utilizzo dati<\/strong> &#8211; indica i dati che l&#8217;utente con la sua chiara accettazione delle condizioni consente di utilizzare al fine di migliorare l&#8217;esperienza utente.<\/li>\n<li><strong>Cookie<\/strong><strong> Policy<\/strong>: indicano piccoli file di testo che vengono memorizzati nel browser dell&#8217;utente durante la navigazione su un sito.<\/li>\n<\/ul>\n<p>&nbsp;<\/p>\n<p><strong>2.Chi siamo e chi controlla le informazioni<\/strong><\/p>\n<p>Questo sito \u00e8 di propriet\u00e0 del C Dental Center, con sede in Via Cviji\u0107eva 130, 11000 Belgrado<\/p>\n<p>CDC \u00e8 una societ\u00e0 registrata in Serbia:<\/p>\n<p>sul numero identificativo: 63912638<\/p>\n<p>Codice fiscale: 109084556<\/p>\n<p>e-mail indirizzo:\u00a0\u00a0<a href=\"mailto:info@cdentalcenter.rs\">info@cdentalcenter.rs<\/a><\/p>\n<p>&nbsp;<\/p>\n<ol>\n<li><strong>Legislazione pertinente<\/strong><\/li>\n<\/ol>\n<ul>\n<li>Questo sito \u00e8 progettato per essere conforme alla seguente legislazione nazionale e internazionale in materia di protezione dei dati e privacy degli utenti:<\/li>\n<\/ul>\n<p>Legge sulla protezione dei dati personali dal 2018 della Repubblica di Serbia<\/p>\n<p>Legge sulla protezione dei dati dal 1988 (DPA) del Regno Unito<\/p>\n<p>Legge australiana sulla privacy dal 1998 (APA)<\/p>\n<p>Regolamento Generale sulla Protezione dei Dati Personali dal 2016 (GDPR) del Parlamento europeo e del Consiglio<\/p>\n<p>&nbsp;<\/p>\n<ol>\n<li><strong>Chi raccoglie e tratta le informazioni<\/strong><\/li>\n<\/ol>\n<ul>\n<li>In base al GDPR, ogni utente del sito ha la possibilit\u00e0 di abilitare o disabilitare la raccolta dei propri dati personali.<\/li>\n<li>Il CDC raccoglie e tratta tutti i dati necessari dalle persone che hanno dato il loro consenso al trattamento dei loro dati, per uno scopo chiaramente indicato, con le modalit\u00e0 consentite dalla legge.<\/li>\n<\/ul>\n<p>&nbsp;<\/p>\n<ol>\n<li><strong>Raccogliamo informazioni in <\/strong><strong>alcuni modi <\/strong><strong>diversi:<\/strong><\/li>\n<\/ol>\n<p><strong>\u00a0<\/strong><\/p>\n<p><strong>5.1. <\/strong><strong>Contatta<\/strong><strong>teci<\/strong> <strong>via<\/strong><strong> il modulo di contatto o l&#8217;ordine di acquisto<\/strong><\/p>\n<ul>\n<li>Quando ci contattate tramite il modulo di contatto, ordine di acquisto o e-mail, le informazioni personali verranno raccolte solo con il vostro consenso, indicando che accettate l&#8217;informativa sulla privacy e la politica sui cookie e vi preghiamo di leggere attentamente le nostre pagine di Informativa sulla privacy e Informativa sui cookie.<\/li>\n<li>Queste informazioni saranno archiviate ed elaborate esclusivamente allo scopo di rispondere alla vostra richiesta o contattarvi e per la relativa amministrazione tecnica. Ci\u00f2 include il vostro nome, indirizzo e-mail (di seguito: e-mail), numero di telefono, posizione, descrizione delle vostre esigenze e qualsiasi altra informazione che ci forni<\/li>\n<li>I vostri dati saranno cancellati su vostra richiesta e non saranno conservati una volta che non saranno pi\u00f9 necessari.<\/li>\n<li>Su vostra richiesta, avete l&#8217;opportunit\u00e0 di ricevere da noi i vostri dati che abbiamo archiviato su di voi fino a quel momento e consolidati in un formato elettronico portatile.<\/li>\n<\/ul>\n<p>&nbsp;<\/p>\n<p>&nbsp;<\/p>\n<p><strong>5.2. <\/strong><strong>Il server che ospita il nostro sito<\/strong><\/p>\n<p>Il server su cui \u00e8 ospitato il nostro sito \u00e8 gestito da Bluehost e si trova ad Orem, Utah, Stati Uniti.<\/p>\n<ul>\n<li>Questa azienda e il suo data center\/server hanno le seguenti protezioni:<\/li>\n<\/ul>\n<ul>\n<li style=\"list-style-type: none;\">\n<ul>\n<li>protezione antincendio<\/li>\n<li>moderni sistemi di allerta precoce con collegamento diretto con i vigili del fuoco locali<\/li>\n<li>speciali sistemi di chiusura delle porte<\/li>\n<li>24 ore al giorno di assistenza da parte di personale qualificato<\/li>\n<li>ingresso tramite terminale di controllo elettronico accessi con chiave transponder o carta d&#8217;ingresso<\/li>\n<\/ul>\n<\/li>\n<\/ul>\n<p>moderno sistema di videosorveglianza 24 ore su 24 di strade di accesso, ingressi, sistemi di sicurezza per la chiusura di porte e sale server<\/p>\n<ul>\n<li style=\"list-style-type: none;\">\n<ul>\n<li>protezione DDOS<\/li>\n<li>certificato in accordo con DIN ISO \/ IEC 27001<\/li>\n<li>standard riconosciuto a livello mondiale per la sicurezza delle informazioni<\/li>\n<\/ul>\n<\/li>\n<\/ul>\n<p>&nbsp;<\/p>\n<ul>\n<li>Quando visitate il \u200b\u200bnostro sito, il nostro server registra i dati di utilizzo, ovvero informazioni generali sulla vostra visita ai fini di registrare il numero di visite, ma non riconosce n\u00e9 registra alcuna informazione individuale su di voi. Non possiamo identificarvi personalmente a meno che voi non ci forniate le vostre informazioni personali volontariamente. I dati personali vengono raccolti solo se pubblichi volontariamente tali dati allo scopo di concludere un contratto o aprire un conto cliente.<\/li>\n<\/ul>\n<ul>\n<li>Tutto il traffico (trasferimento di file) tra questo sito e il browser \u00e8 crittografato e fornito tramite HTTPS. HTTPS (HyperText Transfer Protocol Secure) indica un protocollo Internet creato combinando il protocollo HTTP con il protocollo SSL\/TLS. Questo protocollo consente la comunicazione crittografata e l&#8217;identificazione sicura di un provider di servizi Internet (ISP).<\/li>\n<\/ul>\n<p>&nbsp;<\/p>\n<p><strong>5.3. <\/strong><strong>Cookie e <\/strong><strong>normative <\/strong><strong>relative alla raccolta di dati tramite cookie<\/strong> <strong>(eng. Cookie Policy)<\/strong><\/p>\n<ul>\n<li>Ogni volta che utilizzate un sito, un&#8217;applicazione mobile o altri servizi Internet, vengono create e riportate determinate informazioni, previa approvazione dell&#8217;utente al momento dell&#8217;accettazione dei termini. Lo stesso vale quando visitate il \u200b\u200bsito del CDC.<\/li>\n<li>Ecco alcuni tipi di informazioni che raccogliamo:<\/li>\n<\/ul>\n<ul>\n<li style=\"list-style-type: none;\">\n<ul>\n<li>come la maggior parte dei siti, questo sito utilizza Google Analytics (GA) per tenere traccia delle scelte dell&#8217;utente. Utilizziamo questi dati per determinare il numero di visite, cio\u00e8 degli utenti che utilizzano il nostro sito, al fine di comprendere le loro esigenze e completare l&#8217;esperienza dell&#8217;utente.<\/li>\n<li>Per maggiori informazioni su queste regole (Cookie Policy), visita la nostra pagina Cookie Policy.<\/li>\n<\/ul>\n<\/li>\n<\/ul>\n<p>&nbsp;<\/p>\n<p>&nbsp;<\/p>\n<ol start=\"6\">\n<li><strong>Cosa sappiamo di voi<\/strong><\/li>\n<\/ol>\n<ul>\n<li>Raccogliamo solo informazioni per le quali ci date il vostro consenso.<\/li>\n<li>Ad esempio, non conosciamo il tuo indirizzo e-mail a meno che tu non ci invii un&#8217;e-mail o un modulo. Usiamo queste informazioni solo all&#8217;interno della nostra azienda e non le venderemo o distribuiremo ad altri.<\/li>\n<li>Se ci hai fornito il tuo indirizzo e-mail, ma non desideri ricevere alcuna corrispondenza da parte nostra in futuro, hai l&#8217;opportunit\u00e0 di contattarci tramite e-mail info@cdentalcenter.rs per annullare l&#8217;iscrizione o richiedere la rimozione delle tue informazioni.<\/li>\n<\/ul>\n<p>&nbsp;<\/p>\n<ol start=\"7\">\n<li><strong>Per quanto tempo conserviamo i vostri dati?<\/strong><\/li>\n<\/ol>\n<ul>\n<li>Conserviamo le vostre informazioni solo finch\u00e8 necessari per fornirvi il \u200b\u200bservizio e soddisfare gli scopi descritti in questa politica.<\/li>\n<li>Quando le condizioni per conservare questi dati non sono pi\u00f9 soddisfatte, li cancelliamo e li rimuoviamo dai nostri database.<\/li>\n<\/ul>\n<p>&nbsp;<\/p>\n<ol start=\"8\">\n<li><strong>Trattamento dei dati da parte di terzi<\/strong><\/li>\n<\/ol>\n<p>Collaboriamo con diverse terze parti per elaborare i dati per nostro conto. Queste terze parti sono state accuratamente selezionate e sono conformi alle norme di legge elencate nella sezione 3.<\/p>\n<ul>\n<li style=\"list-style-type: none;\">\n<ul>\n<li><a href=\"https:\/\/policies.google.com\/privacy?hl=sr\">Google (Privacy policy)<\/a><\/li>\n<li><a href=\"https:\/\/mailchimp.com\/legal\/privacy\/\">MailChimp (Privacy policy)<\/a><\/li>\n<li><a href=\"https:\/\/sr-rs.facebook.com\/about\/privacy\/\">Facebook (Privacy policy)<\/a><\/li>\n<\/ul>\n<\/li>\n<\/ul>\n<p>&nbsp;<\/p>\n<p>&nbsp;<\/p>\n<ol start=\"9\">\n<li><strong>Acesso non autorizzato al database<\/strong><\/li>\n<\/ol>\n<ul>\n<li>In caso di violazione o intrusione illegale nel database del nostro sito o nel sito di terzi con cui collaboriamo e che elabora i dati, informiamo le autorit\u00e0 e le autorit\u00e0 entro 72 ore da tale violazione se \u00e8 confermato in modo affidabile che i dati personali contenuti in quel database sono stati rubati.<\/li>\n<\/ul>\n<p>&nbsp;<\/p>\n<p>&nbsp;<\/p>\n<ol start=\"10\">\n<li><strong>Modifiche alla politica sulla <\/strong><strong>riservatezza<\/strong><\/li>\n<\/ol>\n<ul>\n<li>Il CDC pu\u00f2 modificare questa politica sulla riservatezza se necessario. Questa informativa sulla riservatezza \u00e8 stata sviluppata con l&#8217;ultimo aggiornamento avvenuto il 14 agosto 2018.<\/li>\n<li>Il CDC si riserva il diritto di modificare la presente Informativa sulla riservatezza se necessario per conformarsi e essere in regola con le modifiche di leggi e regolamenti.<\/li>\n<li>Non informeremo esplicitamente i nostri clienti o utenti del sito Web di queste modifiche. Vi consigliamo invece di controllare periodicamente questa pagina per eventuali modifiche alle norme.<\/li>\n<li>Se ritenete che il CDC non aderisce a questa politica sulla riservatezza, vi preghiamo di contattarci tramite i dettagli nella nostra pagina<\/li>\n<\/ul>\n<p>[\/vc_column_text][\/vc_column][\/vc_row]<\/p>\n<\/div>","protected":false},"excerpt":{"rendered":"<p>[vc_row css_animation=&#8221;&#8221; row_type=&#8221;row&#8221; use_row_as_full_screen_section=&#8221;no&#8221; type=&#8221;full_width&#8221; angled_section=&#8221;no&#8221; text_align=&#8221;left&#8221; background_image_as_pattern=&#8221;without_pattern&#8221; z_index=&#8221;&#8221; padding_top=&#8221;100&#8243; padding_bottom=&#8221;100&#8243;][vc_column][vc_column_text] Politica sulla riservatezza del C Dental Center &nbsp; Definizioni C Dental Center, via Cviji\u0107eva 130, Belgrado, (di seguito: &#8220;CDC&#8221;, &#8220;noi&#8221;, &#8220;ci&#8221;, &#8220;nostro&#8221;, &#8220;ci&#8221;) indica una persona giuridica che gestisce il sito web \u00a0www.cdentalcenter.rs Dati&#8230;<\/p>\n","protected":false},"author":1,"featured_media":0,"parent":0,"menu_order":0,"comment_status":"closed","ping_status":"closed","template":"full_width.php","meta":{"inline_featured_image":false,"footnotes":""},"class_list":["post-1320","page","type-page","status-publish","hentry"],"yoast_head":"<!-- This site is optimized with the Yoast SEO plugin v26.2 - https:\/\/yoast.com\/wordpress\/plugins\/seo\/ -->\n<title>Politica sulla riservatezza | C Dental Centar<\/title>\n<meta name=\"robots\" content=\"index, follow, max-snippet:-1, max-image-preview:large, max-video-preview:-1\" \/>\n<link rel=\"canonical\" href=\"https:\/\/cdentalcenter.rs\/it\/politica-sulla-riservatezza\/\" \/>\n<meta property=\"og:locale\" content=\"it_IT\" \/>\n<meta property=\"og:type\" content=\"article\" \/>\n<meta property=\"og:title\" content=\"Politica sulla riservatezza | C Dental Centar\" \/>\n<meta property=\"og:description\" content=\"[vc_row css_animation=&#8221;&#8221; row_type=&#8221;row&#8221; use_row_as_full_screen_section=&#8221;no&#8221; type=&#8221;full_width&#8221; angled_section=&#8221;no&#8221; text_align=&#8221;left&#8221; background_image_as_pattern=&#8221;without_pattern&#8221; z_index=&#8221;&#8221; padding_top=&#8221;100&#8243; padding_bottom=&#8221;100&#8243;][vc_column][vc_column_text] Politica sulla riservatezza del C Dental Center &nbsp; Definizioni C Dental Center, via Cviji\u0107eva 130, Belgrado, (di seguito: &#8220;CDC&#8221;, &#8220;noi&#8221;, &#8220;ci&#8221;, &#8220;nostro&#8221;, &#8220;ci&#8221;) indica una persona giuridica che gestisce il sito web \u00a0www.cdentalcenter.rs Dati...\" \/>\n<meta property=\"og:url\" content=\"https:\/\/cdentalcenter.rs\/it\/politica-sulla-riservatezza\/\" \/>\n<meta property=\"og:site_name\" content=\"C Dental Centar\" \/>\n<meta property=\"article:publisher\" content=\"https:\/\/www.facebook.com\/CDentalCenterBg\" \/>\n<meta property=\"article:modified_time\" content=\"2021-08-06T11:42:28+00:00\" \/>\n<meta property=\"og:image\" content=\"https:\/\/cdentalcenter.rs\/wp-content\/uploads\/2020\/11\/opengraph-cdentalcenter.jpg\" \/>\n\t<meta property=\"og:image:width\" content=\"1200\" \/>\n\t<meta property=\"og:image:height\" content=\"630\" \/>\n\t<meta property=\"og:image:type\" content=\"image\/jpeg\" \/>\n<meta name=\"twitter:card\" content=\"summary_large_image\" \/>\n<meta name=\"twitter:label1\" content=\"Tempo di lettura stimato\" \/>\n\t<meta name=\"twitter:data1\" content=\"6 minuti\" \/>\n<script type=\"application\/ld+json\" class=\"yoast-schema-graph\">{\"@context\":\"https:\/\/schema.org\",\"@graph\":[{\"@type\":\"WebPage\",\"@id\":\"https:\/\/cdentalcenter.rs\/it\/politica-sulla-riservatezza\/\",\"url\":\"https:\/\/cdentalcenter.rs\/it\/politica-sulla-riservatezza\/\",\"name\":\"Politica sulla riservatezza | C Dental Centar\",\"isPartOf\":{\"@id\":\"https:\/\/cdentalcenter.rs\/#website\"},\"datePublished\":\"2021-08-06T11:38:04+00:00\",\"dateModified\":\"2021-08-06T11:42:28+00:00\",\"breadcrumb\":{\"@id\":\"https:\/\/cdentalcenter.rs\/it\/politica-sulla-riservatezza\/#breadcrumb\"},\"inLanguage\":\"it-IT\",\"potentialAction\":[{\"@type\":\"ReadAction\",\"target\":[\"https:\/\/cdentalcenter.rs\/it\/politica-sulla-riservatezza\/\"]}]},{\"@type\":\"BreadcrumbList\",\"@id\":\"https:\/\/cdentalcenter.rs\/it\/politica-sulla-riservatezza\/#breadcrumb\",\"itemListElement\":[{\"@type\":\"ListItem\",\"position\":1,\"name\":\"Home\",\"item\":\"https:\/\/cdentalcenter.rs\/it\/pagina-iniziale\/\"},{\"@type\":\"ListItem\",\"position\":2,\"name\":\"Politica sulla riservatezza\"}]},{\"@type\":\"WebSite\",\"@id\":\"https:\/\/cdentalcenter.rs\/#website\",\"url\":\"https:\/\/cdentalcenter.rs\/\",\"name\":\"C Dental Centar\",\"description\":\"\",\"potentialAction\":[{\"@type\":\"SearchAction\",\"target\":{\"@type\":\"EntryPoint\",\"urlTemplate\":\"https:\/\/cdentalcenter.rs\/?s={search_term_string}\"},\"query-input\":{\"@type\":\"PropertyValueSpecification\",\"valueRequired\":true,\"valueName\":\"search_term_string\"}}],\"inLanguage\":\"it-IT\"}]}<\/script>\n<!-- \/ Yoast SEO plugin. -->","yoast_head_json":{"title":"Politica sulla riservatezza | C Dental Centar","robots":{"index":"index","follow":"follow","max-snippet":"max-snippet:-1","max-image-preview":"max-image-preview:large","max-video-preview":"max-video-preview:-1"},"canonical":"https:\/\/cdentalcenter.rs\/it\/politica-sulla-riservatezza\/","og_locale":"it_IT","og_type":"article","og_title":"Politica sulla riservatezza | C Dental Centar","og_description":"[vc_row css_animation=&#8221;&#8221; row_type=&#8221;row&#8221; use_row_as_full_screen_section=&#8221;no&#8221; type=&#8221;full_width&#8221; angled_section=&#8221;no&#8221; text_align=&#8221;left&#8221; background_image_as_pattern=&#8221;without_pattern&#8221; z_index=&#8221;&#8221; padding_top=&#8221;100&#8243; padding_bottom=&#8221;100&#8243;][vc_column][vc_column_text] Politica sulla riservatezza del C Dental Center &nbsp; Definizioni C Dental Center, via Cviji\u0107eva 130, Belgrado, (di seguito: &#8220;CDC&#8221;, &#8220;noi&#8221;, &#8220;ci&#8221;, &#8220;nostro&#8221;, &#8220;ci&#8221;) indica una persona giuridica che gestisce il sito web \u00a0www.cdentalcenter.rs Dati...","og_url":"https:\/\/cdentalcenter.rs\/it\/politica-sulla-riservatezza\/","og_site_name":"C Dental Centar","article_publisher":"https:\/\/www.facebook.com\/CDentalCenterBg","article_modified_time":"2021-08-06T11:42:28+00:00","og_image":[{"width":1200,"height":630,"url":"https:\/\/cdentalcenter.rs\/wp-content\/uploads\/2020\/11\/opengraph-cdentalcenter.jpg","type":"image\/jpeg"}],"twitter_card":"summary_large_image","twitter_misc":{"Tempo di lettura stimato":"6 minuti"},"schema":{"@context":"https:\/\/schema.org","@graph":[{"@type":"WebPage","@id":"https:\/\/cdentalcenter.rs\/it\/politica-sulla-riservatezza\/","url":"https:\/\/cdentalcenter.rs\/it\/politica-sulla-riservatezza\/","name":"Politica sulla riservatezza | C Dental Centar","isPartOf":{"@id":"https:\/\/cdentalcenter.rs\/#website"},"datePublished":"2021-08-06T11:38:04+00:00","dateModified":"2021-08-06T11:42:28+00:00","breadcrumb":{"@id":"https:\/\/cdentalcenter.rs\/it\/politica-sulla-riservatezza\/#breadcrumb"},"inLanguage":"it-IT","potentialAction":[{"@type":"ReadAction","target":["https:\/\/cdentalcenter.rs\/it\/politica-sulla-riservatezza\/"]}]},{"@type":"BreadcrumbList","@id":"https:\/\/cdentalcenter.rs\/it\/politica-sulla-riservatezza\/#breadcrumb","itemListElement":[{"@type":"ListItem","position":1,"name":"Home","item":"https:\/\/cdentalcenter.rs\/it\/pagina-iniziale\/"},{"@type":"ListItem","position":2,"name":"Politica sulla riservatezza"}]},{"@type":"WebSite","@id":"https:\/\/cdentalcenter.rs\/#website","url":"https:\/\/cdentalcenter.rs\/","name":"C Dental Centar","description":"","potentialAction":[{"@type":"SearchAction","target":{"@type":"EntryPoint","urlTemplate":"https:\/\/cdentalcenter.rs\/?s={search_term_string}"},"query-input":{"@type":"PropertyValueSpecification","valueRequired":true,"valueName":"search_term_string"}}],"inLanguage":"it-IT"}]}},"_links":{"self":[{"href":"https:\/\/cdentalcenter.rs\/it\/wp-json\/wp\/v2\/pages\/1320","targetHints":{"allow":["GET"]}}],"collection":[{"href":"https:\/\/cdentalcenter.rs\/it\/wp-json\/wp\/v2\/pages"}],"about":[{"href":"https:\/\/cdentalcenter.rs\/it\/wp-json\/wp\/v2\/types\/page"}],"author":[{"embeddable":true,"href":"https:\/\/cdentalcenter.rs\/it\/wp-json\/wp\/v2\/users\/1"}],"replies":[{"embeddable":true,"href":"https:\/\/cdentalcenter.rs\/it\/wp-json\/wp\/v2\/comments?post=1320"}],"version-history":[{"count":0,"href":"https:\/\/cdentalcenter.rs\/it\/wp-json\/wp\/v2\/pages\/1320\/revisions"}],"wp:attachment":[{"href":"https:\/\/cdentalcenter.rs\/it\/wp-json\/wp\/v2\/media?parent=1320"}],"curies":[{"name":"wp","href":"https:\/\/api.w.org\/{rel}","templated":true}]}}